{"id":1840,"date":"2025-01-15T16:35:32","date_gmt":"2025-01-15T16:35:32","guid":{"rendered":"https:\/\/sanchezbenesyperez.es\/?page_id=1840"},"modified":"2025-01-16T12:26:01","modified_gmt":"2025-01-16T12:26:01","slug":"politica-de-privacidad","status":"publish","type":"page","link":"https:\/\/sanchezbenesyperez.es\/en\/politica-de-privacidad\/","title":{"rendered":"Pol\u00edtica de privacidad"},"content":{"rendered":"<div id=\"cmsmasters_row_lcbc6mpzr\" class=\"cmsmasters_row cmsmasters_color_scheme_default cmsmasters_row_top_default cmsmasters_row_bot_default cmsmasters_row_boxed\">\n<div class=\"cmsmasters_row_outer_parent\">\n<div class=\"cmsmasters_row_outer\">\n<div class=\"cmsmasters_row_inner\">\n<div class=\"cmsmasters_row_margin\">\n<div id=\"cmsmasters_column_h2bjvn72g\" class=\"cmsmasters_column one_first\">\n<div class=\"cmsmasters_column_inner\"><div class=\"cmsmasters_text\">\n<p style=\"text-align: justify;\">En cumplimiento de lo establecido en la RGPD, le informamos que sus datos ser\u00e1n tratados en nuestros ficheros, con la finalidad del mantenimiento y cumplimiento de la relaci\u00f3n con nuestra entidad, incluyendo el env\u00edo de comunicaciones en el marco de la citada relaci\u00f3n.<\/p>\n<p style=\"text-align: justify;\">As\u00ed mismo, sus datos ser\u00e1n cedidos en todos aquellos casos en que sea necesario para el desarrollo, cumplimiento y control de la relaci\u00f3n con nuestra entidad o en los supuestos en que lo autorice una norma con rango de ley. En cumplimiento de la RGPD puede ejercitar sus derechos ARCO ante <strong>S\u00c1NCHEZ BENES Y P\u00c9REZ ABOGADOS S.L.P.<\/strong>, con direcci\u00f3n en <strong>C\/ ORIHUELA, 32 1\u00baB &#8211; 03181 TORREVIEJA (ALICANTE)<\/strong>, adjuntando fotocopia de su DNI.<\/p>\n<p style=\"text-align: justify;\">El contenido de esta comunicaci\u00f3n, as\u00ed como el de toda la documentaci\u00f3n anexa, est\u00e1 sujeta al deber de secreto y va dirigida \u00fanicamente a su destinatario. En el supuesto de que usted no fuera el destinatario, le solicitamos que nos lo indique y no comunique su contenido a terceros, procediendo a su destrucci\u00f3n.<\/p>\n<p style=\"text-align: justify;\">El prestador de servicios de la sociedad de la informaci\u00f3n deber\u00e1 tener en cuenta que, adem\u00e1s de la informaci\u00f3n que facilite a los destinatarios del servicio a trav\u00e9s de su \u00abPol\u00edtica de Privacidad\u00bb, deber\u00e1 disponer de textos legales adicionales relativos a otras normativas de obligado cumplimiento, tales como, sin car\u00e1cter limitativo o excluyente, condiciones generales de la contrataci\u00f3n, propiedad intelectual e industrial, condiciones de utilizaci\u00f3n de la p\u00e1gina web y responsabilidades al respecto, o lo que la propia Ley 34\/2002, de 11 de julio, de Servicios de la Sociedad de la Informaci\u00f3n y de Comercio Electr\u00f3nico pueda establecer en cualesquiera otros preceptos al margen de su art\u00edculo 10 o incluso completar la informaci\u00f3n que, en relaci\u00f3n a \u00e9ste, fuese necesaria.<\/p>\n<\/div>\n<\/div><\/div>\n<\/div>\n<\/div>\n<\/div>\n<\/div>\n<\/div>\n<div id=\"cmsmasters_row_ejk7z536s7\" class=\"cmsmasters_row cmsmasters_color_scheme_default cmsmasters_row_top_default cmsmasters_row_bot_default cmsmasters_row_boxed\">\n<div class=\"cmsmasters_row_outer_parent\">\n<div class=\"cmsmasters_row_outer\">\n<div class=\"cmsmasters_row_inner\">\n<div class=\"cmsmasters_row_margin\">\n<div id=\"cmsmasters_column_5zgnyc2xn\" class=\"cmsmasters_column one_half\">\n<div class=\"cmsmasters_column_inner\"><div class=\"cmsmasters_img  cmsmasters_image_n\"><img decoding=\"async\" src=\"https:\/\/sanchezbenesyperez.es\/wp-content\/uploads\/2025\/01\/favicon.jpg\" alt=\"logo cuadrado\" \/><\/div><div id=\"cmsmasters_heading_gj08eq29y\" class=\"cmsmasters_heading_wrap cmsmasters_heading_align_left\">\n\t<h3 class=\"cmsmasters_heading\">Tu despacho de confianza en Torrevieja<\/h3>\n<\/div>\n<\/div><\/div>\n<div id=\"cmsmasters_column_416jzh9ysn\" class=\"cmsmasters_column one_fourth\">\n<div class=\"cmsmasters_column_inner\"><div id=\"cmsmasters_heading_i3dbt28m9f\" class=\"cmsmasters_heading_wrap cmsmasters_heading_align_left\">\n\t<h3 class=\"cmsmasters_heading\">Contacto<\/h3>\n<\/div><div id=\"cmsmasters_heading_mndkxakg42\" class=\"cmsmasters_heading_wrap cmsmasters_heading_align_left\">\n\t<h4 class=\"cmsmasters_heading\">Tel\u00e9fono:<\/h4>\n<\/div><div id=\"cmsmasters_fb_nmx4c3ez0f\" class=\"cmsmasters_featured_block\">\n<div class=\"featured_block_inner\">\n<div class=\"featured_block_text\">\n<p><span class=\"LrzXr zdqRlf kno-fv\"><span aria-label=\"Llamar al n\u00famero de tel\u00e9fono 966 70 25 03\">+34 966 70 25 03<\/span><\/span><\/p>\n\n<\/div>\n<\/div>\n<\/div>\n<div id=\"cmsmasters_heading_dwsow5w0s\" class=\"cmsmasters_heading_wrap cmsmasters_heading_align_left\">\n\t<h4 class=\"cmsmasters_heading\">Email:<\/h4>\n<\/div><div id=\"cmsmasters_fb_7t1ds852c9\" class=\"cmsmasters_featured_block\">\n<div class=\"featured_block_inner\">\n<div class=\"featured_block_text\">\n<p>info@sanchezbenesyperez.es<\/p>\n\n<\/div>\n<\/div>\n<\/div>\n<div id=\"cmsmasters_heading_wrbqpmwzt6\" class=\"cmsmasters_heading_wrap cmsmasters_heading_align_left\">\n\t<h4 class=\"cmsmasters_heading\">Ubicaci\u00f3n:<\/h4>\n<\/div><div id=\"cmsmasters_fb_gg0felvej\" class=\"cmsmasters_featured_block\">\n<div class=\"featured_block_inner\">\n<div class=\"featured_block_text\">\n<p>C\/ Orihuela 32, 1\u00ba B &#8211; Torrevieja (Alicante)<\/p>\n\n<\/div>\n<\/div>\n<\/div>\n<\/div><\/div>\n<div id=\"cmsmasters_column_1eo2zis66o\" class=\"cmsmasters_column one_fourth\">\n<div class=\"cmsmasters_column_inner\"><div id=\"cmsmasters_heading_rmvyksqnji\" class=\"cmsmasters_heading_wrap cmsmasters_heading_align_left\">\n\t<h3 class=\"cmsmasters_heading\">Privacidad<\/h3>\n<\/div><div id=\"cmsmasters_heading_lfixljmxf\" class=\"cmsmasters_heading_wrap cmsmasters_heading_align_left\">\n\t<h4 class=\"cmsmasters_heading\"><a href=\"\/en\/aviso-legal\/\">Aviso legal<\/a><\/h4>\n<\/div><div id=\"cmsmasters_heading_kprh4gpy2\" class=\"cmsmasters_heading_wrap cmsmasters_heading_align_left\">\n\t<h4 class=\"cmsmasters_heading\"><a href=\"\/en\/politica-de-privacidad\/\">Pol\u00edtica de privacidad<\/a><\/h4>\n<\/div><div id=\"cmsmasters_heading_8m4ysbi0u\" class=\"cmsmasters_heading_wrap cmsmasters_heading_align_left\">\n\t<h4 class=\"cmsmasters_heading\"><a href=\"\/en\/politica-de-cookies\/\">Pol\u00edtica de cookies<\/a><\/h4>\n<\/div><div id=\"cmsmasters_heading_2pqsbvq2we\" class=\"cmsmasters_heading_wrap cmsmasters_heading_align_left\">\n\t<h4 class=\"cmsmasters_heading\"><a href=\"\/en\/declaracion-de-accesibilidad\/\">Declaraci\u00f3n de accesibilidad<\/a><\/h4>\n<\/div>\n<\/div><\/div>\n<\/div>\n<\/div>\n<\/div>\n<\/div>\n<\/div>","protected":false},"excerpt":{"rendered":"","protected":false},"author":1,"featured_media":0,"parent":0,"menu_order":0,"comment_status":"closed","ping_status":"closed","template":"","meta":{"footnotes":""},"class_list":["post-1840","page","type-page","status-publish","hentry"],"yoast_head":"<!-- This site is optimized with the Yoast SEO plugin v24.2 - https:\/\/yoast.com\/wordpress\/plugins\/seo\/ -->\n<title>Pol\u00edtica de privacidad - S\u00e1nchez Benes y P\u00e9rez Abogados<\/title>\n<meta name=\"robots\" content=\"index, follow, max-snippet:-1, max-image-preview:large, max-video-preview:-1\" \/>\n<link rel=\"canonical\" href=\"https:\/\/sanchezbenesyperez.es\/en\/politica-de-privacidad\/\" \/>\n<meta property=\"og:locale\" content=\"en_GB\" \/>\n<meta property=\"og:type\" content=\"article\" \/>\n<meta property=\"og:title\" content=\"Pol\u00edtica de privacidad - S\u00e1nchez Benes y P\u00e9rez Abogados\" \/>\n<meta property=\"og:url\" content=\"https:\/\/sanchezbenesyperez.es\/en\/politica-de-privacidad\/\" \/>\n<meta property=\"og:site_name\" content=\"S\u00e1nchez Benes y P\u00e9rez Abogados\" \/>\n<meta property=\"article:modified_time\" content=\"2025-01-16T12:26:01+00:00\" \/>\n<meta name=\"twitter:card\" content=\"summary_large_image\" \/>\n<meta name=\"twitter:label1\" content=\"Estimated reading time\" \/>\n\t<meta name=\"twitter:data1\" content=\"3 minutes\" \/>\n<script type=\"application\/ld+json\" class=\"yoast-schema-graph\">{\"@context\":\"https:\/\/schema.org\",\"@graph\":[{\"@type\":\"WebPage\",\"@id\":\"https:\/\/sanchezbenesyperez.es\/politica-de-privacidad\/\",\"url\":\"https:\/\/sanchezbenesyperez.es\/politica-de-privacidad\/\",\"name\":\"Pol\u00edtica de privacidad - S\u00e1nchez Benes y P\u00e9rez Abogados\",\"isPartOf\":{\"@id\":\"https:\/\/sanchezbenesyperez.es\/#website\"},\"datePublished\":\"2025-01-15T16:35:32+00:00\",\"dateModified\":\"2025-01-16T12:26:01+00:00\",\"breadcrumb\":{\"@id\":\"https:\/\/sanchezbenesyperez.es\/politica-de-privacidad\/#breadcrumb\"},\"inLanguage\":\"en-GB\",\"potentialAction\":[{\"@type\":\"ReadAction\",\"target\":[\"https:\/\/sanchezbenesyperez.es\/politica-de-privacidad\/\"]}]},{\"@type\":\"BreadcrumbList\",\"@id\":\"https:\/\/sanchezbenesyperez.es\/politica-de-privacidad\/#breadcrumb\",\"itemListElement\":[{\"@type\":\"ListItem\",\"position\":1,\"name\":\"Portada\",\"item\":\"https:\/\/sanchezbenesyperez.es\/\"},{\"@type\":\"ListItem\",\"position\":2,\"name\":\"Pol\u00edtica de privacidad\"}]},{\"@type\":\"WebSite\",\"@id\":\"https:\/\/sanchezbenesyperez.es\/#website\",\"url\":\"https:\/\/sanchezbenesyperez.es\/\",\"name\":\"S\u00e1nchez Benes y P\u00e9rez Abogados\",\"description\":\"Despacho de abogados en Torrevieja\",\"publisher\":{\"@id\":\"https:\/\/sanchezbenesyperez.es\/#organization\"},\"potentialAction\":[{\"@type\":\"SearchAction\",\"target\":{\"@type\":\"EntryPoint\",\"urlTemplate\":\"https:\/\/sanchezbenesyperez.es\/?s={search_term_string}\"},\"query-input\":{\"@type\":\"PropertyValueSpecification\",\"valueRequired\":true,\"valueName\":\"search_term_string\"}}],\"inLanguage\":\"en-GB\"},{\"@type\":\"Organization\",\"@id\":\"https:\/\/sanchezbenesyperez.es\/#organization\",\"name\":\"S\u00e1nchez Benes y P\u00e9rez Abogados\",\"url\":\"https:\/\/sanchezbenesyperez.es\/\",\"logo\":{\"@type\":\"ImageObject\",\"inLanguage\":\"en-GB\",\"@id\":\"https:\/\/sanchezbenesyperez.es\/#\/schema\/logo\/image\/\",\"url\":\"https:\/\/sanchezbenesyperez.es\/wp-content\/uploads\/2025\/01\/favicon.jpg\",\"contentUrl\":\"https:\/\/sanchezbenesyperez.es\/wp-content\/uploads\/2025\/01\/favicon.jpg\",\"width\":125,\"height\":125,\"caption\":\"S\u00e1nchez Benes y P\u00e9rez Abogados\"},\"image\":{\"@id\":\"https:\/\/sanchezbenesyperez.es\/#\/schema\/logo\/image\/\"}}]}<\/script>\n<!-- \/ Yoast SEO plugin. -->","yoast_head_json":{"title":"Pol\u00edtica de privacidad - S\u00e1nchez Benes y P\u00e9rez Abogados","robots":{"index":"index","follow":"follow","max-snippet":"max-snippet:-1","max-image-preview":"max-image-preview:large","max-video-preview":"max-video-preview:-1"},"canonical":"https:\/\/sanchezbenesyperez.es\/en\/politica-de-privacidad\/","og_locale":"en_GB","og_type":"article","og_title":"Pol\u00edtica de privacidad - S\u00e1nchez Benes y P\u00e9rez Abogados","og_url":"https:\/\/sanchezbenesyperez.es\/en\/politica-de-privacidad\/","og_site_name":"S\u00e1nchez Benes y P\u00e9rez Abogados","article_modified_time":"2025-01-16T12:26:01+00:00","twitter_card":"summary_large_image","twitter_misc":{"Estimated reading time":"3 minutes"},"schema":{"@context":"https:\/\/schema.org","@graph":[{"@type":"WebPage","@id":"https:\/\/sanchezbenesyperez.es\/politica-de-privacidad\/","url":"https:\/\/sanchezbenesyperez.es\/politica-de-privacidad\/","name":"Pol\u00edtica de privacidad - S\u00e1nchez Benes y P\u00e9rez Abogados","isPartOf":{"@id":"https:\/\/sanchezbenesyperez.es\/#website"},"datePublished":"2025-01-15T16:35:32+00:00","dateModified":"2025-01-16T12:26:01+00:00","breadcrumb":{"@id":"https:\/\/sanchezbenesyperez.es\/politica-de-privacidad\/#breadcrumb"},"inLanguage":"en-GB","potentialAction":[{"@type":"ReadAction","target":["https:\/\/sanchezbenesyperez.es\/politica-de-privacidad\/"]}]},{"@type":"BreadcrumbList","@id":"https:\/\/sanchezbenesyperez.es\/politica-de-privacidad\/#breadcrumb","itemListElement":[{"@type":"ListItem","position":1,"name":"Portada","item":"https:\/\/sanchezbenesyperez.es\/"},{"@type":"ListItem","position":2,"name":"Pol\u00edtica de privacidad"}]},{"@type":"WebSite","@id":"https:\/\/sanchezbenesyperez.es\/#website","url":"https:\/\/sanchezbenesyperez.es\/","name":"S\u00e1nchez Benes y P\u00e9rez Abogados","description":"Despacho de abogados en Torrevieja","publisher":{"@id":"https:\/\/sanchezbenesyperez.es\/#organization"},"potentialAction":[{"@type":"SearchAction","target":{"@type":"EntryPoint","urlTemplate":"https:\/\/sanchezbenesyperez.es\/?s={search_term_string}"},"query-input":{"@type":"PropertyValueSpecification","valueRequired":true,"valueName":"search_term_string"}}],"inLanguage":"en-GB"},{"@type":"Organization","@id":"https:\/\/sanchezbenesyperez.es\/#organization","name":"S\u00e1nchez Benes y P\u00e9rez Abogados","url":"https:\/\/sanchezbenesyperez.es\/","logo":{"@type":"ImageObject","inLanguage":"en-GB","@id":"https:\/\/sanchezbenesyperez.es\/#\/schema\/logo\/image\/","url":"https:\/\/sanchezbenesyperez.es\/wp-content\/uploads\/2025\/01\/favicon.jpg","contentUrl":"https:\/\/sanchezbenesyperez.es\/wp-content\/uploads\/2025\/01\/favicon.jpg","width":125,"height":125,"caption":"S\u00e1nchez Benes y P\u00e9rez Abogados"},"image":{"@id":"https:\/\/sanchezbenesyperez.es\/#\/schema\/logo\/image\/"}}]}},"_links":{"self":[{"href":"https:\/\/sanchezbenesyperez.es\/en\/wp-json\/wp\/v2\/pages\/1840","targetHints":{"allow":["GET"]}}],"collection":[{"href":"https:\/\/sanchezbenesyperez.es\/en\/wp-json\/wp\/v2\/pages"}],"about":[{"href":"https:\/\/sanchezbenesyperez.es\/en\/wp-json\/wp\/v2\/types\/page"}],"author":[{"embeddable":true,"href":"https:\/\/sanchezbenesyperez.es\/en\/wp-json\/wp\/v2\/users\/1"}],"replies":[{"embeddable":true,"href":"https:\/\/sanchezbenesyperez.es\/en\/wp-json\/wp\/v2\/comments?post=1840"}],"version-history":[{"count":3,"href":"https:\/\/sanchezbenesyperez.es\/en\/wp-json\/wp\/v2\/pages\/1840\/revisions"}],"predecessor-version":[{"id":1895,"href":"https:\/\/sanchezbenesyperez.es\/en\/wp-json\/wp\/v2\/pages\/1840\/revisions\/1895"}],"wp:attachment":[{"href":"https:\/\/sanchezbenesyperez.es\/en\/wp-json\/wp\/v2\/media?parent=1840"}],"curies":[{"name":"wp","href":"https:\/\/api.w.org\/{rel}","templated":true}]}}