{"id":1163,"date":"2019-04-25T13:27:47","date_gmt":"2019-04-25T13:27:47","guid":{"rendered":"https:\/\/attornix.cmsmasters.net\/?page_id=1163"},"modified":"2025-01-16T12:23:09","modified_gmt":"2025-01-16T12:23:09","slug":"sobre-nosotros","status":"publish","type":"page","link":"https:\/\/sanchezbenesyperez.es\/en\/sobre-nosotros\/","title":{"rendered":"Sobre nosotros"},"content":{"rendered":"<div id=\"cmsmasters_row_0trag27bzn\" class=\"cmsmasters_row cmsmasters_color_scheme_default cmsmasters_row_top_default cmsmasters_row_bot_default cmsmasters_row_boxed\">\n<div class=\"cmsmasters_row_outer_parent\">\n<div class=\"cmsmasters_row_outer\">\n<div class=\"cmsmasters_row_inner\">\n<div class=\"cmsmasters_row_margin\">\n<div id=\"cmsmasters_column_2xo0two73m\" class=\"cmsmasters_column one_half\">\n<div class=\"cmsmasters_column_inner\"><div id=\"cmsmasters_heading_v6mpdi2bxa\" class=\"cmsmasters_heading_wrap cmsmasters_heading_align_left\">\n\t<h2 class=\"cmsmasters_heading\">S\u00e1nchez Benes y P\u00e9rez Abogados<\/h2>\n<\/div>\n<\/div><\/div>\n<div id=\"cmsmasters_column_44zfgkwwkq\" class=\"cmsmasters_column one_half\">\n<div class=\"cmsmasters_column_inner\"><div class=\"cmsmasters_img  cmsmasters_image_n\"><img decoding=\"async\" src=\"https:\/\/sanchezbenesyperez.es\/wp-content\/uploads\/2025\/01\/img3-1160x750.png\" alt=\"sobre nosotros\" \/><\/div>\n<\/div><\/div>\n<\/div>\n<\/div>\n<\/div>\n<\/div>\n<\/div>\n<div id=\"cmsmasters_row_ehw1067t2c\" class=\"cmsmasters_row cmsmasters_color_scheme_default cmsmasters_row_top_default cmsmasters_row_bot_default cmsmasters_row_boxed\">\n<div id=\"bloquenosotros\" class=\"cmsmasters_row_outer_parent\">\n<div class=\"cmsmasters_row_outer\">\n<div class=\"cmsmasters_row_inner\">\n<div class=\"cmsmasters_row_margin\">\n<div id=\"cmsmasters_column_oj0lp8x17\" class=\"cmsmasters_column one_first\">\n<div class=\"cmsmasters_column_inner\"><div class=\"cmsmasters_text\">\n<p style=\"text-align: justify;\">En S\u00e1nchez Benes y P\u00e9rez Abogados, somos un prestigioso despacho ubicado en el coraz\u00f3n de Torrevieja, dedicado a ofrecer asesoramiento jur\u00eddico personalizado y soluciones legales efectivas tanto a particulares como a empresas de la zona.<\/p>\n<p style=\"text-align: justify;\">Nuestro equipo de abogados especializados se compromete a brindarte un servicio cercano y profesional, adaptado a tus necesidades espec\u00edficas. Con un profundo conocimiento de la normativa local y las particularidades legales de Torrevieja y sus alrededores, te acompa\u00f1amos en cada paso para garantizar los mejores resultados en diversas \u00e1reas del derecho, incluyendo civil, penal, laboral, mercantil e inmobiliario.<\/p>\n<p style=\"text-align: justify;\">Nos distinguimos por nuestra atenci\u00f3n personalizada, reconociendo que cada caso es \u00fanico y requiere soluciones a medida. Mantenemos una comunicaci\u00f3n clara y constante con nuestros clientes, fomentando la confianza y la transparencia en todo momento.<\/p>\n<p style=\"text-align: justify;\">Nuestra misi\u00f3n es proteger tus derechos y ofrecerte el respaldo necesario para afrontar cualquier desaf\u00edo legal con la m\u00e1xima eficacia y profesionalidad.<\/p>\n<p style=\"text-align: justify;\">Para m\u00e1s informaci\u00f3n o para concertar una cita, puedes contactarnos al tel\u00e9fono +34 966 70 25 03 o visitar nuestra oficina en C\/ Orihuela 32, 1\u00ba B \u2013 Torrevieja (Alicante).<\/p>\n<\/div>\n<\/div><\/div>\n<\/div>\n<\/div>\n<\/div>\n<\/div>\n<\/div>\n<div id=\"cmsmasters_row_gqd6km4mb\" class=\"cmsmasters_row cmsmasters_color_scheme_default cmsmasters_row_top_default cmsmasters_row_bot_default cmsmasters_row_boxed\">\n<div id=\"nosotroscaracteristicas\" class=\"cmsmasters_row_outer_parent\">\n<div class=\"cmsmasters_row_outer\">\n<div class=\"cmsmasters_row_inner\">\n<div class=\"cmsmasters_row_margin\">\n<div id=\"cmsmasters_column_jgeyayvydm\" class=\"cmsmasters_column one_third\">\n<div class=\"cmsmasters_column_inner\"><div id=\"cmsmasters_icon_hkn16cuzxr\" class=\"cmsmasters_icon_wrap\"><span class=\"cmsmasters_simple_icon cmsmasters-icon-custom-location\"><\/span><span class=\"cmsmasters_simple_icon_title\"><\/span><\/div>\n<div id=\"cmsmasters_heading_9g2f82hmg5\" class=\"cmsmasters_heading_wrap cmsmasters_heading_align_left\">\n\t<h2 class=\"cmsmasters_heading\">Experiencia local<\/h2>\n<\/div><div id=\"cmsmasters_fb_dd0kutzozr\" class=\"cmsmasters_featured_block\">\n<div class=\"featured_block_inner\">\n<div class=\"featured_block_text\">\n<div style=\"text-align: justify;\">Nuestra s\u00f3lida experiencia en Torrevieja y alrededores nos convierte en especialistas en las particularidades legales y normativas locales. Entendemos las necesidades \u00fanicas de la comunidad y nos mantenemos constantemente actualizados sobre los cambios legislativos que puedan afectar a particulares y empresas. Nuestra conexi\u00f3n con el entorno nos permite anticiparnos a los desaf\u00edos y ofrecer soluciones eficaces que realmente funcionen.<\/div>\n\n<\/div>\n<\/div>\n<\/div>\n<\/div><\/div>\n<div id=\"cmsmasters_column_9ejk069dhg\" class=\"cmsmasters_column one_third\">\n<div class=\"cmsmasters_column_inner\"><div id=\"cmsmasters_icon_2aya1lyl6\" class=\"cmsmasters_icon_wrap\"><span class=\"cmsmasters_simple_icon cmsmasters-icon-custom-security\"><\/span><span class=\"cmsmasters_simple_icon_title\"><\/span><\/div>\n<div id=\"cmsmasters_heading_6noaw6c9gr\" class=\"cmsmasters_heading_wrap cmsmasters_heading_align_left\">\n\t<h2 class=\"cmsmasters_heading\">Atenci\u00f3n personalizada<\/h2>\n<\/div><div id=\"cmsmasters_fb_ed7q9q9ao\" class=\"cmsmasters_featured_block\">\n<div class=\"featured_block_inner\">\n<div class=\"featured_block_text\">\n<div style=\"text-align: justify;\">Creemos que cada cliente y caso es \u00fanico, por lo que adoptamos un enfoque totalmente personalizado en nuestro trabajo. Nos tomamos el tiempo para escuchar y comprender tus necesidades, preocupaciones y objetivos, dise\u00f1ando estrategias legales adaptadas a tus circunstancias espec\u00edficas. Nuestra prioridad es proporcionarte un servicio cercano y accesible, asegur\u00e1ndonos de que te sientas acompa\u00f1ado y respaldado en cada etapa del proceso legal.<\/div>\n\n<\/div>\n<\/div>\n<\/div>\n<\/div><\/div>\n<div id=\"cmsmasters_column_wkrh8a6rqw\" class=\"cmsmasters_column one_third\">\n<div class=\"cmsmasters_column_inner\"><div id=\"cmsmasters_icon_69hr34wq2q\" class=\"cmsmasters_icon_wrap\"><span class=\"cmsmasters_simple_icon cmsmasters-icon-custom-contract\"><\/span><span class=\"cmsmasters_simple_icon_title\"><\/span><\/div>\n<div id=\"cmsmasters_heading_e2klms326\" class=\"cmsmasters_heading_wrap cmsmasters_heading_align_left\">\n\t<h2 class=\"cmsmasters_heading\">Confianza y transparencia<\/h2>\n<\/div><div id=\"cmsmasters_fb_48l6ialcbs\" class=\"cmsmasters_featured_block\">\n<div class=\"featured_block_inner\">\n<div class=\"featured_block_text\">\n<div style=\"text-align: justify;\">Nuestra relaci\u00f3n con los clientes se fundamenta en la confianza mutua y la total transparencia. Desde el primer contacto, nos comprometemos a ofrecer informaci\u00f3n clara y detallada sobre cada paso de tu caso, evitando sorpresas y manteni\u00e9ndote siempre informado. Trabajamos con honestidad, \u00e9tica profesional y una comunicaci\u00f3n abierta para garantizar que te sientas seguro al depositar tu confianza en nosotros.<\/div>\n\n<\/div>\n<\/div>\n<\/div>\n<\/div><\/div>\n<\/div>\n<\/div>\n<\/div>\n<\/div>\n<\/div>\n<div id=\"cmsmasters_row_jby5305n5\" class=\"cmsmasters_row cmsmasters_color_scheme_default cmsmasters_row_top_default cmsmasters_row_bot_default cmsmasters_row_boxed\">\n<div class=\"cmsmasters_row_outer_parent\">\n<div class=\"cmsmasters_row_outer\">\n<div class=\"cmsmasters_row_inner\">\n<div class=\"cmsmasters_row_margin\">\n<div id=\"cmsmasters_column_5zgnyc2xn\" class=\"cmsmasters_column one_half\">\n<div class=\"cmsmasters_column_inner\"><div class=\"cmsmasters_img  cmsmasters_image_n\"><img decoding=\"async\" src=\"https:\/\/sanchezbenesyperez.es\/wp-content\/uploads\/2025\/01\/favicon.jpg\" alt=\"logo cuadrado\" \/><\/div><div id=\"cmsmasters_heading_4vas1c7m0c\" class=\"cmsmasters_heading_wrap cmsmasters_heading_align_left\">\n\t<h3 class=\"cmsmasters_heading\">Tu despacho de confianza en Torrevieja<\/h3>\n<\/div>\n<\/div><\/div>\n<div id=\"cmsmasters_column_416jzh9ysn\" class=\"cmsmasters_column one_fourth\">\n<div class=\"cmsmasters_column_inner\"><div id=\"cmsmasters_heading_2z7ui89ith\" class=\"cmsmasters_heading_wrap cmsmasters_heading_align_left\">\n\t<h3 class=\"cmsmasters_heading\">Contacto<\/h3>\n<\/div><div id=\"cmsmasters_heading_4yuz5oo6ss\" class=\"cmsmasters_heading_wrap cmsmasters_heading_align_left\">\n\t<h4 class=\"cmsmasters_heading\">Tel\u00e9fono:<\/h4>\n<\/div><div id=\"cmsmasters_fb_6ptn7gsvth\" class=\"cmsmasters_featured_block\">\n<div class=\"featured_block_inner\">\n<div class=\"featured_block_text\">\n<p><span class=\"LrzXr zdqRlf kno-fv\"><span aria-label=\"Llamar al n\u00famero de tel\u00e9fono 966 70 25 03\">+34 966 70 25 03<\/span><\/span><\/p>\n\n<\/div>\n<\/div>\n<\/div>\n<div id=\"cmsmasters_heading_h065ms9dyz\" class=\"cmsmasters_heading_wrap cmsmasters_heading_align_left\">\n\t<h4 class=\"cmsmasters_heading\">Email:<\/h4>\n<\/div><div id=\"cmsmasters_fb_8dgj49aiyi\" class=\"cmsmasters_featured_block\">\n<div class=\"featured_block_inner\">\n<div class=\"featured_block_text\">\n<p>info@sanchezbenesyperez.es<\/p>\n\n<\/div>\n<\/div>\n<\/div>\n<div id=\"cmsmasters_heading_tjgxb9tac\" class=\"cmsmasters_heading_wrap cmsmasters_heading_align_left\">\n\t<h4 class=\"cmsmasters_heading\">Ubicaci\u00f3n:<\/h4>\n<\/div><div id=\"cmsmasters_fb_wqsibb68vg\" class=\"cmsmasters_featured_block\">\n<div class=\"featured_block_inner\">\n<div class=\"featured_block_text\">\n<p>C\/ Orihuela 32, 1\u00ba B &#8211; Torrevieja (Alicante)<\/p>\n\n<\/div>\n<\/div>\n<\/div>\n<\/div><\/div>\n<div id=\"cmsmasters_column_1eo2zis66o\" class=\"cmsmasters_column one_fourth\">\n<div class=\"cmsmasters_column_inner\"><div id=\"cmsmasters_heading_a137ramweo\" class=\"cmsmasters_heading_wrap cmsmasters_heading_align_left\">\n\t<h3 class=\"cmsmasters_heading\">Privacidad<\/h3>\n<\/div><div id=\"cmsmasters_heading_w8b8z2qnde\" class=\"cmsmasters_heading_wrap cmsmasters_heading_align_left\">\n\t<h4 class=\"cmsmasters_heading\"><a href=\"\/en\/aviso-legal\/\">Aviso legal<\/a><\/h4>\n<\/div><div id=\"cmsmasters_heading_9020wavsm\" class=\"cmsmasters_heading_wrap cmsmasters_heading_align_left\">\n\t<h4 class=\"cmsmasters_heading\"><a href=\"\/en\/politica-de-privacidad\/\">Pol\u00edtica de privacidad<\/a><\/h4>\n<\/div><div id=\"cmsmasters_heading_s4o310r1dm\" class=\"cmsmasters_heading_wrap cmsmasters_heading_align_left\">\n\t<h4 class=\"cmsmasters_heading\"><a href=\"\/en\/politica-de-cookies\/\">Pol\u00edtica de cookies<\/a><\/h4>\n<\/div><div id=\"cmsmasters_heading_hfcplepkc8\" class=\"cmsmasters_heading_wrap cmsmasters_heading_align_left\">\n\t<h4 class=\"cmsmasters_heading\"><a href=\"\/en\/declaracion-de-accesibilidad\/\">Declaraci\u00f3n de accesibilidad<\/a><\/h4>\n<\/div>\n<\/div><\/div>\n<\/div>\n<\/div>\n<\/div>\n<\/div>\n<\/div>","protected":false},"excerpt":{"rendered":"","protected":false},"author":1,"featured_media":0,"parent":0,"menu_order":0,"comment_status":"closed","ping_status":"closed","template":"","meta":{"footnotes":""},"class_list":["post-1163","page","type-page","status-publish","hentry"],"yoast_head":"<!-- This site is optimized with the Yoast SEO plugin v24.2 - https:\/\/yoast.com\/wordpress\/plugins\/seo\/ -->\n<title>Sobre nosotros - S\u00e1nchez Benes y P\u00e9rez Abogados<\/title>\n<meta name=\"robots\" content=\"index, follow, max-snippet:-1, max-image-preview:large, max-video-preview:-1\" \/>\n<link rel=\"canonical\" href=\"https:\/\/sanchezbenesyperez.es\/en\/sobre-nosotros\/\" \/>\n<meta property=\"og:locale\" content=\"en_GB\" \/>\n<meta property=\"og:type\" content=\"article\" \/>\n<meta property=\"og:title\" content=\"Sobre nosotros - S\u00e1nchez Benes y P\u00e9rez Abogados\" \/>\n<meta property=\"og:url\" content=\"https:\/\/sanchezbenesyperez.es\/en\/sobre-nosotros\/\" \/>\n<meta property=\"og:site_name\" content=\"S\u00e1nchez Benes y P\u00e9rez Abogados\" \/>\n<meta property=\"article:modified_time\" content=\"2025-01-16T12:23:09+00:00\" \/>\n<meta name=\"twitter:card\" content=\"summary_large_image\" \/>\n<meta name=\"twitter:label1\" content=\"Estimated reading time\" \/>\n\t<meta name=\"twitter:data1\" content=\"4 minutes\" \/>\n<script type=\"application\/ld+json\" class=\"yoast-schema-graph\">{\"@context\":\"https:\/\/schema.org\",\"@graph\":[{\"@type\":\"WebPage\",\"@id\":\"https:\/\/sanchezbenesyperez.es\/sobre-nosotros\/\",\"url\":\"https:\/\/sanchezbenesyperez.es\/sobre-nosotros\/\",\"name\":\"Sobre nosotros - S\u00e1nchez Benes y P\u00e9rez Abogados\",\"isPartOf\":{\"@id\":\"https:\/\/sanchezbenesyperez.es\/#website\"},\"datePublished\":\"2019-04-25T13:27:47+00:00\",\"dateModified\":\"2025-01-16T12:23:09+00:00\",\"breadcrumb\":{\"@id\":\"https:\/\/sanchezbenesyperez.es\/sobre-nosotros\/#breadcrumb\"},\"inLanguage\":\"en-GB\",\"potentialAction\":[{\"@type\":\"ReadAction\",\"target\":[\"https:\/\/sanchezbenesyperez.es\/sobre-nosotros\/\"]}]},{\"@type\":\"BreadcrumbList\",\"@id\":\"https:\/\/sanchezbenesyperez.es\/sobre-nosotros\/#breadcrumb\",\"itemListElement\":[{\"@type\":\"ListItem\",\"position\":1,\"name\":\"Portada\",\"item\":\"https:\/\/sanchezbenesyperez.es\/\"},{\"@type\":\"ListItem\",\"position\":2,\"name\":\"Sobre nosotros\"}]},{\"@type\":\"WebSite\",\"@id\":\"https:\/\/sanchezbenesyperez.es\/#website\",\"url\":\"https:\/\/sanchezbenesyperez.es\/\",\"name\":\"S\u00e1nchez Benes y P\u00e9rez Abogados\",\"description\":\"Despacho de abogados en Torrevieja\",\"publisher\":{\"@id\":\"https:\/\/sanchezbenesyperez.es\/#organization\"},\"potentialAction\":[{\"@type\":\"SearchAction\",\"target\":{\"@type\":\"EntryPoint\",\"urlTemplate\":\"https:\/\/sanchezbenesyperez.es\/?s={search_term_string}\"},\"query-input\":{\"@type\":\"PropertyValueSpecification\",\"valueRequired\":true,\"valueName\":\"search_term_string\"}}],\"inLanguage\":\"en-GB\"},{\"@type\":\"Organization\",\"@id\":\"https:\/\/sanchezbenesyperez.es\/#organization\",\"name\":\"S\u00e1nchez Benes y P\u00e9rez Abogados\",\"url\":\"https:\/\/sanchezbenesyperez.es\/\",\"logo\":{\"@type\":\"ImageObject\",\"inLanguage\":\"en-GB\",\"@id\":\"https:\/\/sanchezbenesyperez.es\/#\/schema\/logo\/image\/\",\"url\":\"https:\/\/sanchezbenesyperez.es\/wp-content\/uploads\/2025\/01\/favicon.jpg\",\"contentUrl\":\"https:\/\/sanchezbenesyperez.es\/wp-content\/uploads\/2025\/01\/favicon.jpg\",\"width\":125,\"height\":125,\"caption\":\"S\u00e1nchez Benes y P\u00e9rez Abogados\"},\"image\":{\"@id\":\"https:\/\/sanchezbenesyperez.es\/#\/schema\/logo\/image\/\"}}]}<\/script>\n<!-- \/ Yoast SEO plugin. -->","yoast_head_json":{"title":"Sobre nosotros - S\u00e1nchez Benes y P\u00e9rez Abogados","robots":{"index":"index","follow":"follow","max-snippet":"max-snippet:-1","max-image-preview":"max-image-preview:large","max-video-preview":"max-video-preview:-1"},"canonical":"https:\/\/sanchezbenesyperez.es\/en\/sobre-nosotros\/","og_locale":"en_GB","og_type":"article","og_title":"Sobre nosotros - S\u00e1nchez Benes y P\u00e9rez Abogados","og_url":"https:\/\/sanchezbenesyperez.es\/en\/sobre-nosotros\/","og_site_name":"S\u00e1nchez Benes y P\u00e9rez Abogados","article_modified_time":"2025-01-16T12:23:09+00:00","twitter_card":"summary_large_image","twitter_misc":{"Estimated reading time":"4 minutes"},"schema":{"@context":"https:\/\/schema.org","@graph":[{"@type":"WebPage","@id":"https:\/\/sanchezbenesyperez.es\/sobre-nosotros\/","url":"https:\/\/sanchezbenesyperez.es\/sobre-nosotros\/","name":"Sobre nosotros - S\u00e1nchez Benes y P\u00e9rez Abogados","isPartOf":{"@id":"https:\/\/sanchezbenesyperez.es\/#website"},"datePublished":"2019-04-25T13:27:47+00:00","dateModified":"2025-01-16T12:23:09+00:00","breadcrumb":{"@id":"https:\/\/sanchezbenesyperez.es\/sobre-nosotros\/#breadcrumb"},"inLanguage":"en-GB","potentialAction":[{"@type":"ReadAction","target":["https:\/\/sanchezbenesyperez.es\/sobre-nosotros\/"]}]},{"@type":"BreadcrumbList","@id":"https:\/\/sanchezbenesyperez.es\/sobre-nosotros\/#breadcrumb","itemListElement":[{"@type":"ListItem","position":1,"name":"Portada","item":"https:\/\/sanchezbenesyperez.es\/"},{"@type":"ListItem","position":2,"name":"Sobre nosotros"}]},{"@type":"WebSite","@id":"https:\/\/sanchezbenesyperez.es\/#website","url":"https:\/\/sanchezbenesyperez.es\/","name":"S\u00e1nchez Benes y P\u00e9rez Abogados","description":"Despacho de abogados en Torrevieja","publisher":{"@id":"https:\/\/sanchezbenesyperez.es\/#organization"},"potentialAction":[{"@type":"SearchAction","target":{"@type":"EntryPoint","urlTemplate":"https:\/\/sanchezbenesyperez.es\/?s={search_term_string}"},"query-input":{"@type":"PropertyValueSpecification","valueRequired":true,"valueName":"search_term_string"}}],"inLanguage":"en-GB"},{"@type":"Organization","@id":"https:\/\/sanchezbenesyperez.es\/#organization","name":"S\u00e1nchez Benes y P\u00e9rez Abogados","url":"https:\/\/sanchezbenesyperez.es\/","logo":{"@type":"ImageObject","inLanguage":"en-GB","@id":"https:\/\/sanchezbenesyperez.es\/#\/schema\/logo\/image\/","url":"https:\/\/sanchezbenesyperez.es\/wp-content\/uploads\/2025\/01\/favicon.jpg","contentUrl":"https:\/\/sanchezbenesyperez.es\/wp-content\/uploads\/2025\/01\/favicon.jpg","width":125,"height":125,"caption":"S\u00e1nchez Benes y P\u00e9rez Abogados"},"image":{"@id":"https:\/\/sanchezbenesyperez.es\/#\/schema\/logo\/image\/"}}]}},"_links":{"self":[{"href":"https:\/\/sanchezbenesyperez.es\/en\/wp-json\/wp\/v2\/pages\/1163","targetHints":{"allow":["GET"]}}],"collection":[{"href":"https:\/\/sanchezbenesyperez.es\/en\/wp-json\/wp\/v2\/pages"}],"about":[{"href":"https:\/\/sanchezbenesyperez.es\/en\/wp-json\/wp\/v2\/types\/page"}],"author":[{"embeddable":true,"href":"https:\/\/sanchezbenesyperez.es\/en\/wp-json\/wp\/v2\/users\/1"}],"replies":[{"embeddable":true,"href":"https:\/\/sanchezbenesyperez.es\/en\/wp-json\/wp\/v2\/comments?post=1163"}],"version-history":[{"count":13,"href":"https:\/\/sanchezbenesyperez.es\/en\/wp-json\/wp\/v2\/pages\/1163\/revisions"}],"predecessor-version":[{"id":1891,"href":"https:\/\/sanchezbenesyperez.es\/en\/wp-json\/wp\/v2\/pages\/1163\/revisions\/1891"}],"wp:attachment":[{"href":"https:\/\/sanchezbenesyperez.es\/en\/wp-json\/wp\/v2\/media?parent=1163"}],"curies":[{"name":"wp","href":"https:\/\/api.w.org\/{rel}","templated":true}]}}