{"id":1095,"date":"2019-04-24T13:40:19","date_gmt":"2019-04-24T13:40:19","guid":{"rendered":"https:\/\/attornix.cmsmasters.net\/?page_id=1095"},"modified":"2025-01-16T12:23:55","modified_gmt":"2025-01-16T12:23:55","slug":"servicios","status":"publish","type":"page","link":"https:\/\/sanchezbenesyperez.es\/en\/servicios\/","title":{"rendered":"Servicios"},"content":{"rendered":"<div id=\"cmsmasters_row_him0wah5k\" class=\"cmsmasters_row cmsmasters_color_scheme_default cmsmasters_row_top_default cmsmasters_row_bot_default cmsmasters_row_boxed\">\n<div class=\"cmsmasters_row_outer_parent\">\n<div class=\"cmsmasters_row_outer\">\n<div class=\"cmsmasters_row_inner\">\n<div class=\"cmsmasters_row_margin\">\n<div id=\"cmsmasters_column_7lmdswykob\" class=\"cmsmasters_column one_first\">\n<div class=\"cmsmasters_column_inner\"><div id=\"cmsmasters_heading_7ttvxsc9eg\" class=\"cmsmasters_heading_wrap cmsmasters_heading_align_center\">\n\t<h2 class=\"cmsmasters_heading\">Servicios<\/h2>\n<\/div>\n<\/div><\/div>\n<\/div>\n<\/div>\n<\/div>\n<\/div>\n<\/div>\n<div id=\"cmsmasters_row_6x79lx4dz\" class=\"cmsmasters_row cmsmasters_color_scheme_default cmsmasters_row_top_default cmsmasters_row_bot_default cmsmasters_row_boxed\">\n<div class=\"cmsmasters_row_outer_parent\">\n<div class=\"cmsmasters_row_outer\">\n<div class=\"cmsmasters_row_inner\">\n<div class=\"cmsmasters_row_margin\">\n<div id=\"cmsmasters_column_mloitexep3\" class=\"cmsmasters_column one_half\">\n<div class=\"cmsmasters_column_inner\"><div id=\"cmsmasters_icon_box_phfoyy9tdo\" class=\"cmsmasters_icon_box cmsmasters_icon_box_right box_icon_type_icon cmsmasters-icon-custom-portfolio-1\">\n<div class=\"icon_box_inner\">\n<h3 class=\"icon_box_heading\"><a href=\"#\" target=\"_blank\">Asesor\u00eda jur\u00eddica<\/a><\/h3>\n<div class=\"icon_box_text\">\n<p style=\"text-align: justify;\">Protege tus derechos con el respaldo de nuestros expertos. En <em>S\u00e1nchez Benes y P\u00e9rez Abogados<\/em>, te ofrecemos soluciones legales adaptadas a tus necesidades, ya sea en derecho civil, penal, mercantil o inmobiliario.<\/p>\n<\/div>\n<\/div>\n<\/div>\n<\/div><\/div>\n<div id=\"cmsmasters_column_14f12rf5g8\" class=\"cmsmasters_column one_half\">\n<div class=\"cmsmasters_column_inner\"><div id=\"cmsmasters_icon_box_wqtymp011\" class=\"cmsmasters_icon_box cmsmasters_icon_box_right box_icon_type_icon cmsmasters-icon-custom-contract\">\n<div class=\"icon_box_inner\">\n<h3 class=\"icon_box_heading\"><a href=\"#\" target=\"_blank\">Asesor\u00eda laboral<\/a><\/h3>\n<div class=\"icon_box_text\">\n<p style=\"text-align: justify;\">Optimiza la gesti\u00f3n de tu empresa y garantiza el cumplimiento de la normativa laboral. Nuestro equipo te asesora en contratos, n\u00f3minas, despidos y cualquier tema relacionado con el \u00e1mbito laboral.<\/p>\n<\/div>\n<\/div>\n<\/div>\n<\/div><\/div>\n<\/div>\n<\/div>\n<\/div>\n<\/div>\n<\/div>\n<div id=\"cmsmasters_row_wppyg6dwu\" class=\"cmsmasters_row cmsmasters_color_scheme_default cmsmasters_row_top_default cmsmasters_row_bot_default cmsmasters_row_boxed\">\n<div id=\"bloqueservicios\" class=\"cmsmasters_row_outer_parent\">\n<div class=\"cmsmasters_row_outer\">\n<div class=\"cmsmasters_row_inner\">\n<div class=\"cmsmasters_row_margin\">\n<div id=\"cmsmasters_column_ochnmjojga\" class=\"cmsmasters_column one_half\">\n<div class=\"cmsmasters_column_inner\"><div id=\"cmsmasters_icon_box_yz4uqi3agg\" class=\"cmsmasters_icon_box cmsmasters_icon_box_right box_icon_type_icon cmsmasters-icon-custom-document\">\n<div class=\"icon_box_inner\">\n<h3 class=\"icon_box_heading\"><a href=\"#\" target=\"_blank\">Asesor\u00eda contable<\/a><\/h3>\n<div class=\"icon_box_text\">\n<p style=\"text-align: justify;\">Conf\u00eda en nosotros para mantener tus cuentas claras y en orden. Gestionamos la contabilidad de tu negocio con profesionalidad, ayud\u00e1ndote a tomar decisiones financieras informadas.<\/p>\n<\/div>\n<\/div>\n<\/div>\n<\/div><\/div>\n<div id=\"cmsmasters_column_8tjbsmhugt\" class=\"cmsmasters_column one_half\">\n<div class=\"cmsmasters_column_inner\"><div id=\"cmsmasters_icon_box_9nn3t7u5g2\" class=\"cmsmasters_icon_box cmsmasters_icon_box_right box_icon_type_icon cmsmasters-icon-custom-balance\">\n<div class=\"icon_box_inner\">\n<h3 class=\"icon_box_heading\"><a href=\"#\" target=\"_blank\">Asesor\u00eda fiscal<\/a><\/h3>\n<div class=\"icon_box_text\">\n<p style=\"text-align: justify;\">Cumple con tus obligaciones fiscales de forma eficiente. Te ayudamos a optimizar tu carga impositiva y a garantizar el cumplimiento de la normativa tributaria vigente.<\/p>\n<\/div>\n<\/div>\n<\/div>\n<\/div><\/div>\n<\/div>\n<\/div>\n<\/div>\n<\/div>\n<\/div>\n<div id=\"cmsmasters_row_786390rc1l\" class=\"cmsmasters_row cmsmasters_color_scheme_default cmsmasters_row_top_default cmsmasters_row_bot_default cmsmasters_row_boxed\">\n<div class=\"cmsmasters_row_outer_parent\">\n<div class=\"cmsmasters_row_outer\">\n<div class=\"cmsmasters_row_inner\">\n<div class=\"cmsmasters_row_margin\">\n<div id=\"cmsmasters_column_5zgnyc2xn\" class=\"cmsmasters_column one_half\">\n<div class=\"cmsmasters_column_inner\"><div class=\"cmsmasters_img  cmsmasters_image_n\"><img decoding=\"async\" src=\"https:\/\/sanchezbenesyperez.es\/wp-content\/uploads\/2025\/01\/favicon.jpg\" alt=\"logo cuadrado\" \/><\/div><div id=\"cmsmasters_heading_85lhy11pn\" class=\"cmsmasters_heading_wrap cmsmasters_heading_align_left\">\n\t<h3 class=\"cmsmasters_heading\">Tu despacho de confianza en Torrevieja<\/h3>\n<\/div>\n<\/div><\/div>\n<div id=\"cmsmasters_column_416jzh9ysn\" class=\"cmsmasters_column one_fourth\">\n<div class=\"cmsmasters_column_inner\"><div id=\"cmsmasters_heading_1293xxeq6j\" class=\"cmsmasters_heading_wrap cmsmasters_heading_align_left\">\n\t<h3 class=\"cmsmasters_heading\">Contacto<\/h3>\n<\/div><div id=\"cmsmasters_heading_alt8u99dvs\" class=\"cmsmasters_heading_wrap cmsmasters_heading_align_left\">\n\t<h4 class=\"cmsmasters_heading\">Tel\u00e9fono:<\/h4>\n<\/div><div id=\"cmsmasters_fb_235psw7uyi\" class=\"cmsmasters_featured_block\">\n<div class=\"featured_block_inner\">\n<div class=\"featured_block_text\">\n<p><span class=\"LrzXr zdqRlf kno-fv\"><span aria-label=\"Llamar al n\u00famero de tel\u00e9fono 966 70 25 03\">+34 966 70 25 03<\/span><\/span><\/p>\n\n<\/div>\n<\/div>\n<\/div>\n<div id=\"cmsmasters_heading_i0xk6188lp\" class=\"cmsmasters_heading_wrap cmsmasters_heading_align_left\">\n\t<h4 class=\"cmsmasters_heading\">Email:<\/h4>\n<\/div><div id=\"cmsmasters_fb_t0iylk8nsj\" class=\"cmsmasters_featured_block\">\n<div class=\"featured_block_inner\">\n<div class=\"featured_block_text\">\n<p>info@sanchezbenesyperez.es<\/p>\n\n<\/div>\n<\/div>\n<\/div>\n<div id=\"cmsmasters_heading_aoma7e6ye\" class=\"cmsmasters_heading_wrap cmsmasters_heading_align_left\">\n\t<h4 class=\"cmsmasters_heading\">Ubicaci\u00f3n:<\/h4>\n<\/div><div id=\"cmsmasters_fb_v6xr6ayzrh\" class=\"cmsmasters_featured_block\">\n<div class=\"featured_block_inner\">\n<div class=\"featured_block_text\">\n<p>C\/ Orihuela 32, 1\u00ba B &#8211; Torrevieja (Alicante)<\/p>\n\n<\/div>\n<\/div>\n<\/div>\n<\/div><\/div>\n<div id=\"cmsmasters_column_1eo2zis66o\" class=\"cmsmasters_column one_fourth\">\n<div class=\"cmsmasters_column_inner\"><div id=\"cmsmasters_heading_a7p5xaemc9\" class=\"cmsmasters_heading_wrap cmsmasters_heading_align_left\">\n\t<h3 class=\"cmsmasters_heading\">Privacidad<\/h3>\n<\/div><div id=\"cmsmasters_heading_89al3gz7qi\" class=\"cmsmasters_heading_wrap cmsmasters_heading_align_left\">\n\t<h4 class=\"cmsmasters_heading\"><a href=\"\/en\/aviso-legal\/\">Aviso legal<\/a><\/h4>\n<\/div><div id=\"cmsmasters_heading_beuulmwvzr\" class=\"cmsmasters_heading_wrap cmsmasters_heading_align_left\">\n\t<h4 class=\"cmsmasters_heading\"><a href=\"\/en\/politica-de-privacidad\/\">Pol\u00edtica de privacidad<\/a><\/h4>\n<\/div><div id=\"cmsmasters_heading_l6g1d33k3p\" class=\"cmsmasters_heading_wrap cmsmasters_heading_align_left\">\n\t<h4 class=\"cmsmasters_heading\"><a href=\"\/en\/politica-de-cookies\/\">Pol\u00edtica de cookies<\/a><\/h4>\n<\/div><div id=\"cmsmasters_heading_eedti4az1\" class=\"cmsmasters_heading_wrap cmsmasters_heading_align_left\">\n\t<h4 class=\"cmsmasters_heading\"><a href=\"\/en\/declaracion-de-accesibilidad\/\">Declaraci\u00f3n de accesibilidad<\/a><\/h4>\n<\/div>\n<\/div><\/div>\n<\/div>\n<\/div>\n<\/div>\n<\/div>\n<\/div>","protected":false},"excerpt":{"rendered":"","protected":false},"author":1,"featured_media":0,"parent":0,"menu_order":0,"comment_status":"closed","ping_status":"closed","template":"","meta":{"footnotes":""},"class_list":["post-1095","page","type-page","status-publish","hentry"],"yoast_head":"<!-- This site is optimized with the Yoast SEO plugin v24.2 - https:\/\/yoast.com\/wordpress\/plugins\/seo\/ -->\n<title>Servicios - S\u00e1nchez Benes y P\u00e9rez Abogados<\/title>\n<meta name=\"robots\" content=\"index, follow, max-snippet:-1, max-image-preview:large, max-video-preview:-1\" \/>\n<link rel=\"canonical\" href=\"https:\/\/sanchezbenesyperez.es\/en\/servicios\/\" \/>\n<meta property=\"og:locale\" content=\"en_GB\" \/>\n<meta property=\"og:type\" content=\"article\" \/>\n<meta property=\"og:title\" content=\"Servicios - S\u00e1nchez Benes y P\u00e9rez Abogados\" \/>\n<meta property=\"og:url\" content=\"https:\/\/sanchezbenesyperez.es\/en\/servicios\/\" \/>\n<meta property=\"og:site_name\" content=\"S\u00e1nchez Benes y P\u00e9rez Abogados\" \/>\n<meta property=\"article:modified_time\" content=\"2025-01-16T12:23:55+00:00\" \/>\n<meta name=\"twitter:card\" content=\"summary_large_image\" \/>\n<meta name=\"twitter:label1\" content=\"Estimated reading time\" \/>\n\t<meta name=\"twitter:data1\" content=\"3 minutes\" \/>\n<script type=\"application\/ld+json\" class=\"yoast-schema-graph\">{\"@context\":\"https:\/\/schema.org\",\"@graph\":[{\"@type\":\"WebPage\",\"@id\":\"https:\/\/sanchezbenesyperez.es\/servicios\/\",\"url\":\"https:\/\/sanchezbenesyperez.es\/servicios\/\",\"name\":\"Servicios - S\u00e1nchez Benes y P\u00e9rez Abogados\",\"isPartOf\":{\"@id\":\"https:\/\/sanchezbenesyperez.es\/#website\"},\"datePublished\":\"2019-04-24T13:40:19+00:00\",\"dateModified\":\"2025-01-16T12:23:55+00:00\",\"breadcrumb\":{\"@id\":\"https:\/\/sanchezbenesyperez.es\/servicios\/#breadcrumb\"},\"inLanguage\":\"en-GB\",\"potentialAction\":[{\"@type\":\"ReadAction\",\"target\":[\"https:\/\/sanchezbenesyperez.es\/servicios\/\"]}]},{\"@type\":\"BreadcrumbList\",\"@id\":\"https:\/\/sanchezbenesyperez.es\/servicios\/#breadcrumb\",\"itemListElement\":[{\"@type\":\"ListItem\",\"position\":1,\"name\":\"Portada\",\"item\":\"https:\/\/sanchezbenesyperez.es\/\"},{\"@type\":\"ListItem\",\"position\":2,\"name\":\"Servicios\"}]},{\"@type\":\"WebSite\",\"@id\":\"https:\/\/sanchezbenesyperez.es\/#website\",\"url\":\"https:\/\/sanchezbenesyperez.es\/\",\"name\":\"S\u00e1nchez Benes y P\u00e9rez Abogados\",\"description\":\"Despacho de abogados en Torrevieja\",\"publisher\":{\"@id\":\"https:\/\/sanchezbenesyperez.es\/#organization\"},\"potentialAction\":[{\"@type\":\"SearchAction\",\"target\":{\"@type\":\"EntryPoint\",\"urlTemplate\":\"https:\/\/sanchezbenesyperez.es\/?s={search_term_string}\"},\"query-input\":{\"@type\":\"PropertyValueSpecification\",\"valueRequired\":true,\"valueName\":\"search_term_string\"}}],\"inLanguage\":\"en-GB\"},{\"@type\":\"Organization\",\"@id\":\"https:\/\/sanchezbenesyperez.es\/#organization\",\"name\":\"S\u00e1nchez Benes y P\u00e9rez Abogados\",\"url\":\"https:\/\/sanchezbenesyperez.es\/\",\"logo\":{\"@type\":\"ImageObject\",\"inLanguage\":\"en-GB\",\"@id\":\"https:\/\/sanchezbenesyperez.es\/#\/schema\/logo\/image\/\",\"url\":\"https:\/\/sanchezbenesyperez.es\/wp-content\/uploads\/2025\/01\/favicon.jpg\",\"contentUrl\":\"https:\/\/sanchezbenesyperez.es\/wp-content\/uploads\/2025\/01\/favicon.jpg\",\"width\":125,\"height\":125,\"caption\":\"S\u00e1nchez Benes y P\u00e9rez Abogados\"},\"image\":{\"@id\":\"https:\/\/sanchezbenesyperez.es\/#\/schema\/logo\/image\/\"}}]}<\/script>\n<!-- \/ Yoast SEO plugin. -->","yoast_head_json":{"title":"Servicios - S\u00e1nchez Benes y P\u00e9rez Abogados","robots":{"index":"index","follow":"follow","max-snippet":"max-snippet:-1","max-image-preview":"max-image-preview:large","max-video-preview":"max-video-preview:-1"},"canonical":"https:\/\/sanchezbenesyperez.es\/en\/servicios\/","og_locale":"en_GB","og_type":"article","og_title":"Servicios - S\u00e1nchez Benes y P\u00e9rez Abogados","og_url":"https:\/\/sanchezbenesyperez.es\/en\/servicios\/","og_site_name":"S\u00e1nchez Benes y P\u00e9rez Abogados","article_modified_time":"2025-01-16T12:23:55+00:00","twitter_card":"summary_large_image","twitter_misc":{"Estimated reading time":"3 minutes"},"schema":{"@context":"https:\/\/schema.org","@graph":[{"@type":"WebPage","@id":"https:\/\/sanchezbenesyperez.es\/servicios\/","url":"https:\/\/sanchezbenesyperez.es\/servicios\/","name":"Servicios - S\u00e1nchez Benes y P\u00e9rez Abogados","isPartOf":{"@id":"https:\/\/sanchezbenesyperez.es\/#website"},"datePublished":"2019-04-24T13:40:19+00:00","dateModified":"2025-01-16T12:23:55+00:00","breadcrumb":{"@id":"https:\/\/sanchezbenesyperez.es\/servicios\/#breadcrumb"},"inLanguage":"en-GB","potentialAction":[{"@type":"ReadAction","target":["https:\/\/sanchezbenesyperez.es\/servicios\/"]}]},{"@type":"BreadcrumbList","@id":"https:\/\/sanchezbenesyperez.es\/servicios\/#breadcrumb","itemListElement":[{"@type":"ListItem","position":1,"name":"Portada","item":"https:\/\/sanchezbenesyperez.es\/"},{"@type":"ListItem","position":2,"name":"Servicios"}]},{"@type":"WebSite","@id":"https:\/\/sanchezbenesyperez.es\/#website","url":"https:\/\/sanchezbenesyperez.es\/","name":"S\u00e1nchez Benes y P\u00e9rez Abogados","description":"Despacho de abogados en Torrevieja","publisher":{"@id":"https:\/\/sanchezbenesyperez.es\/#organization"},"potentialAction":[{"@type":"SearchAction","target":{"@type":"EntryPoint","urlTemplate":"https:\/\/sanchezbenesyperez.es\/?s={search_term_string}"},"query-input":{"@type":"PropertyValueSpecification","valueRequired":true,"valueName":"search_term_string"}}],"inLanguage":"en-GB"},{"@type":"Organization","@id":"https:\/\/sanchezbenesyperez.es\/#organization","name":"S\u00e1nchez Benes y P\u00e9rez Abogados","url":"https:\/\/sanchezbenesyperez.es\/","logo":{"@type":"ImageObject","inLanguage":"en-GB","@id":"https:\/\/sanchezbenesyperez.es\/#\/schema\/logo\/image\/","url":"https:\/\/sanchezbenesyperez.es\/wp-content\/uploads\/2025\/01\/favicon.jpg","contentUrl":"https:\/\/sanchezbenesyperez.es\/wp-content\/uploads\/2025\/01\/favicon.jpg","width":125,"height":125,"caption":"S\u00e1nchez Benes y P\u00e9rez Abogados"},"image":{"@id":"https:\/\/sanchezbenesyperez.es\/#\/schema\/logo\/image\/"}}]}},"_links":{"self":[{"href":"https:\/\/sanchezbenesyperez.es\/en\/wp-json\/wp\/v2\/pages\/1095","targetHints":{"allow":["GET"]}}],"collection":[{"href":"https:\/\/sanchezbenesyperez.es\/en\/wp-json\/wp\/v2\/pages"}],"about":[{"href":"https:\/\/sanchezbenesyperez.es\/en\/wp-json\/wp\/v2\/types\/page"}],"author":[{"embeddable":true,"href":"https:\/\/sanchezbenesyperez.es\/en\/wp-json\/wp\/v2\/users\/1"}],"replies":[{"embeddable":true,"href":"https:\/\/sanchezbenesyperez.es\/en\/wp-json\/wp\/v2\/comments?post=1095"}],"version-history":[{"count":10,"href":"https:\/\/sanchezbenesyperez.es\/en\/wp-json\/wp\/v2\/pages\/1095\/revisions"}],"predecessor-version":[{"id":1892,"href":"https:\/\/sanchezbenesyperez.es\/en\/wp-json\/wp\/v2\/pages\/1095\/revisions\/1892"}],"wp:attachment":[{"href":"https:\/\/sanchezbenesyperez.es\/en\/wp-json\/wp\/v2\/media?parent=1095"}],"curies":[{"name":"wp","href":"https:\/\/api.w.org\/{rel}","templated":true}]}}